{"id":39,"date":"2025-02-19T20:26:34","date_gmt":"2025-02-19T20:26:34","guid":{"rendered":"https:\/\/hundezucht-berkelbogen.de\/?page_id=39"},"modified":"2025-04-16T12:13:39","modified_gmt":"2025-04-16T12:13:39","slug":"impressum","status":"publish","type":"page","link":"https:\/\/hundezucht-berkelbogen.de\/fr\/impressum\/","title":{"rendered":"Mentions l\u00e9gales"},"content":{"rendered":"<div data-elementor-type=\"wp-page\" data-elementor-id=\"39\" class=\"elementor elementor-39\" data-elementor-settings=\"{&quot;element_pack_global_tooltip_width&quot;:{&quot;unit&quot;:&quot;px&quot;,&quot;size&quot;:&quot;&quot;,&quot;sizes&quot;:[]},&quot;element_pack_global_tooltip_width_tablet&quot;:{&quot;unit&quot;:&quot;px&quot;,&quot;size&quot;:&quot;&quot;,&quot;sizes&quot;:[]},&quot;element_pack_global_tooltip_width_mobile&quot;:{&quot;unit&quot;:&quot;px&quot;,&quot;size&quot;:&quot;&quot;,&quot;sizes&quot;:[]},&quot;element_pack_global_tooltip_padding&quot;:{&quot;unit&quot;:&quot;px&quot;,&quot;top&quot;:&quot;&quot;,&quot;right&quot;:&quot;&quot;,&quot;bottom&quot;:&quot;&quot;,&quot;left&quot;:&quot;&quot;,&quot;isLinked&quot;:true},&quot;element_pack_global_tooltip_padding_tablet&quot;:{&quot;unit&quot;:&quot;px&quot;,&quot;top&quot;:&quot;&quot;,&quot;right&quot;:&quot;&quot;,&quot;bottom&quot;:&quot;&quot;,&quot;left&quot;:&quot;&quot;,&quot;isLinked&quot;:true},&quot;element_pack_global_tooltip_padding_mobile&quot;:{&quot;unit&quot;:&quot;px&quot;,&quot;top&quot;:&quot;&quot;,&quot;right&quot;:&quot;&quot;,&quot;bottom&quot;:&quot;&quot;,&quot;left&quot;:&quot;&quot;,&quot;isLinked&quot;:true},&quot;element_pack_global_tooltip_border_radius&quot;:{&quot;unit&quot;:&quot;px&quot;,&quot;top&quot;:&quot;&quot;,&quot;right&quot;:&quot;&quot;,&quot;bottom&quot;:&quot;&quot;,&quot;left&quot;:&quot;&quot;,&quot;isLinked&quot;:true},&quot;element_pack_global_tooltip_border_radius_tablet&quot;:{&quot;unit&quot;:&quot;px&quot;,&quot;top&quot;:&quot;&quot;,&quot;right&quot;:&quot;&quot;,&quot;bottom&quot;:&quot;&quot;,&quot;left&quot;:&quot;&quot;,&quot;isLinked&quot;:true},&quot;element_pack_global_tooltip_border_radius_mobile&quot;:{&quot;unit&quot;:&quot;px&quot;,&quot;top&quot;:&quot;&quot;,&quot;right&quot;:&quot;&quot;,&quot;bottom&quot;:&quot;&quot;,&quot;left&quot;:&quot;&quot;,&quot;isLinked&quot;:true}}\" data-elementor-post-type=\"page\">\n\t\t\t\t<div class=\"elementor-element elementor-element-a8f1a0c e-flex e-con-boxed e-con e-parent\" data-id=\"a8f1a0c\" data-element_type=\"container\" data-e-type=\"container\" data-settings=\"{&quot;background_background&quot;:&quot;classic&quot;}\">\n\t\t\t\t\t<div class=\"e-con-inner\">\n\t\t\t\t\t<\/div>\n\t\t\t\t<\/div>\n\t\t<div class=\"elementor-element elementor-element-ae65e7b e-flex e-con-boxed e-con e-parent\" data-id=\"ae65e7b\" data-element_type=\"container\" data-e-type=\"container\" data-settings=\"{&quot;background_background&quot;:&quot;gradient&quot;}\">\n\t\t\t\t\t<div class=\"e-con-inner\">\n\t\t\t\t<div class=\"elementor-element elementor-element-a2cae8a elementor-widget elementor-widget-shortcode\" data-id=\"a2cae8a\" data-element_type=\"widget\" data-e-type=\"widget\" data-widget_type=\"shortcode.default\">\n\t\t\t\t<div class=\"elementor-widget-container\">\n\t\t\t\t\t\t\t<div class=\"elementor-shortcode\"><h1>Mentions l\u00e9gales<\/h1>\r\n\r\n<p>Martina Severt<br \/>\r\nBasset Bleu de Gascogne \u00c9levage du Berkelbogen<br \/>\r\nMartina Severt<br \/>\r\n24, rue Esch<br \/>\r\n24, rue Esch<br \/>\r\n48691 Vreden<\/p>\r\n\r\n<h2>Contact<\/h2>\r\n<p>T\u00e9l\u00e9phone : 025649508889<br \/>\r\nCourrier \u00e9lectronique : ms@hundezucht-berkelbogen.de<\/p>\r\n\r\n<h2>R\u00e8glement des litiges de l'UE<\/h2>\r\n<p>La Commission europ\u00e9enne met \u00e0 disposition une plateforme de r\u00e8glement en ligne des litiges (RLL) : <a href=\"https:\/\/ec.europa.eu\/consumers\/odr\/\" target=\"_blank\" rel=\"noopener noreferrer\">https:\/\/ec.europa.eu\/consumers\/odr\/<\/a>.<br \/> Vous trouverez notre adresse e-mail en haut dans les mentions l\u00e9gales.<\/p>\r\n\r\n<h2>R\u00e8glement des litiges de consommation\/organe universel de conciliation<\/h2>\r\n<p>Nous ne sommes pas pr\u00eats ou oblig\u00e9s de participer \u00e0 des proc\u00e9dures de r\u00e8glement des litiges devant un organisme de conciliation des consommateurs.<\/p><\/div>\n\t\t\t\t\t\t<\/div>\n\t\t\t\t<\/div>\n\t\t\t\t\t<\/div>\n\t\t\t\t<\/div>\n\t\t\t\t<\/div>","protected":false},"excerpt":{"rendered":"","protected":false},"author":2,"featured_media":0,"parent":0,"menu_order":0,"comment_status":"closed","ping_status":"closed","template":"","meta":{"footnotes":""},"class_list":["post-39","page","type-page","status-publish","hentry"],"_links":{"self":[{"href":"https:\/\/hundezucht-berkelbogen.de\/fr\/wp-json\/wp\/v2\/pages\/39","targetHints":{"allow":["GET"]}}],"collection":[{"href":"https:\/\/hundezucht-berkelbogen.de\/fr\/wp-json\/wp\/v2\/pages"}],"about":[{"href":"https:\/\/hundezucht-berkelbogen.de\/fr\/wp-json\/wp\/v2\/types\/page"}],"author":[{"embeddable":true,"href":"https:\/\/hundezucht-berkelbogen.de\/fr\/wp-json\/wp\/v2\/users\/2"}],"replies":[{"embeddable":true,"href":"https:\/\/hundezucht-berkelbogen.de\/fr\/wp-json\/wp\/v2\/comments?post=39"}],"version-history":[{"count":5,"href":"https:\/\/hundezucht-berkelbogen.de\/fr\/wp-json\/wp\/v2\/pages\/39\/revisions"}],"predecessor-version":[{"id":2298,"href":"https:\/\/hundezucht-berkelbogen.de\/fr\/wp-json\/wp\/v2\/pages\/39\/revisions\/2298"}],"wp:attachment":[{"href":"https:\/\/hundezucht-berkelbogen.de\/fr\/wp-json\/wp\/v2\/media?parent=39"}],"curies":[{"name":"wp","href":"https:\/\/api.w.org\/{rel}","templated":true}]}}